{"id":6931,"date":"2023-08-22T15:07:36","date_gmt":"2023-08-22T13:07:36","guid":{"rendered":"https:\/\/www.dandeliongroup.hu\/iso-140012015-kiepites-bevezetes\/"},"modified":"2023-08-22T15:07:36","modified_gmt":"2023-08-22T13:07:36","slug":"iso-140012015-kiepites-bevezetes","status":"publish","type":"page","link":"https:\/\/www.dandeliongroup.hu\/en\/iso-140012015-kiepites-bevezetes\/","title":{"rendered":"ISO 14001:2015 ki\u00e9p\u00edt\u00e9s, bevezet\u00e9s"},"content":{"rendered":"\n<p><strong>K\u00f6rnyezetk\u00f6zpont\u00fa ir\u00e1ny\u00edt\u00e1si rendszerek (KIR)<br>(ISO 14001:2015)<\/strong><br>&nbsp;<\/p>\n\n\n\n<p>A DANDELION Kft. az ISO 14001:2015 szabv\u00e1ny szerinti&nbsp;<strong>K\u00f6rnyezetk\u00f6zpont\u00fa ir\u00e1ny\u00edt\u00e1si rendszerek (KIR)<\/strong>&nbsp;kialak\u00edt\u00e1s\u00e1ban is Partnerei rendelkez\u00e9s\u00e9re \u00e1ll.<\/p>\n\n\n\n<p>Az al\u00e1bbi szolg\u00e1ltat\u00e1sokat k\u00edn\u00e1ljuk:<\/p>\n\n\n\n<ul class=\"wp-block-list\">\n<li>ISO 14001:2015 szabv\u00e1ny szerinti \u00faj k\u00f6rnyezetk\u00f6zpont\u00fa ir\u00e1ny\u00edt\u00e1si rendszerek (KIR) ki\u00e9p\u00edt\u00e9se \u00e9s bevezet\u00e9se<\/li>\n\n\n\n<li>ISO 14001:2015 bels\u0151 auditorok k\u00e9pz\u00e9se<\/li>\n\n\n\n<li>Szakmai t\u00e1mogat\u00e1s a Stage 1 \u00e9s Stage 2 auditokon<\/li>\n<\/ul>\n\n\n\n<p>Az ISO 14001:2015 szabv\u00e1ny szerinti KIR kialak\u00edt\u00e1sa mag\u00e1ban foglalja a szervezet folyamatainak felt\u00e9rk\u00e9pez\u00e9s\u00e9t, projekt elej\u00e9n kit\u0171z\u00f6tt megval\u00f3s\u00edt\u00e1si terv kivitelez\u00e9s\u00e9t, a folyamatok- \u00e9s dokumentumok struktur\u00e1lt \u00e1talak\u00edt\u00e1s\u00e1t, illetve ig\u00e9ny szerint a tan\u00fas\u00edt\u00f3 auditon t\u00f6rt\u00e9n\u0151 r\u00e9szv\u00e9telt is.<\/p>\n\n\n\n<p><strong>A KIR alkalmaz\u00e1sa k\u00e9pess\u00e9 teszi a szervezeteket arra, hogy meg\u00f3vj\u00e1k k\u00f6rnyezetet \u00e9s v\u00e1laszoljanak a v\u00e1ltoz\u00f3 k\u00f6rnyezeti k\u00f6r\u00fclm\u00e9nyekre, egyens\u00falyban a t\u00e1rsadalmi-gazdas\u00e1gi ig\u00e9nyekkel.<\/strong><\/p>\n\n\n\n<p>Az ISO 14001:2015 szabv\u00e1ny \u00faj szeml\u00e9let\u00e9r\u0151l, k\u00f6vetelm\u00e9nyeir\u0151l&nbsp;<a href=\"http:\/\/dandeliongroup.hu\/index.php?l=hu&amp;m=aktualis\"><u>itt tal\u00e1l<\/u><\/a>&nbsp;r\u00e9szletes inform\u00e1ci\u00f3kat.<\/p>\n","protected":false},"excerpt":{"rendered":"<p>K\u00f6rnyezetk\u00f6zpont\u00fa ir\u00e1ny\u00edt\u00e1si rendszerek (KIR)(ISO 14001:2015)&nbsp; A DANDELION Kft. az ISO 14001:2015 szabv\u00e1ny szerinti&nbsp;K\u00f6rnyezetk\u00f6zpont\u00fa ir\u00e1ny\u00edt\u00e1si rendszerek (KIR)&nbsp;kialak\u00edt\u00e1s\u00e1ban is Partnerei rendelkez\u00e9s\u00e9re \u00e1ll. Az al\u00e1bbi szolg\u00e1ltat\u00e1sokat k\u00edn\u00e1ljuk: Az ISO 14001:2015 szabv\u00e1ny szerinti KIR kialak\u00edt\u00e1sa mag\u00e1ban foglalja a szervezet folyamatainak felt\u00e9rk\u00e9pez\u00e9s\u00e9t, projekt elej\u00e9n kit\u0171z\u00f6tt megval\u00f3s\u00edt\u00e1si terv kivitelez\u00e9s\u00e9t, a folyamatok- \u00e9s dokumentumok struktur\u00e1lt \u00e1talak\u00edt\u00e1s\u00e1t, illetve ig\u00e9ny szerint a tan\u00fas\u00edt\u00f3 auditon<\/p>\n","protected":false},"author":1,"featured_media":0,"parent":0,"menu_order":0,"comment_status":"closed","ping_status":"closed","template":"","meta":{"_monsterinsights_skip_tracking":false,"_monsterinsights_sitenote_active":false,"_monsterinsights_sitenote_note":"","_monsterinsights_sitenote_category":0,"footnotes":""},"ppma_author":[73],"class_list":["post-6931","page","type-page","status-publish","hentry","author-arrows"],"acf":[],"_links":{"self":[{"href":"https:\/\/www.dandeliongroup.hu\/en\/wp-json\/wp\/v2\/pages\/6931","targetHints":{"allow":["GET"]}}],"collection":[{"href":"https:\/\/www.dandeliongroup.hu\/en\/wp-json\/wp\/v2\/pages"}],"about":[{"href":"https:\/\/www.dandeliongroup.hu\/en\/wp-json\/wp\/v2\/types\/page"}],"author":[{"embeddable":true,"href":"https:\/\/www.dandeliongroup.hu\/en\/wp-json\/wp\/v2\/users\/1"}],"replies":[{"embeddable":true,"href":"https:\/\/www.dandeliongroup.hu\/en\/wp-json\/wp\/v2\/comments?post=6931"}],"version-history":[{"count":0,"href":"https:\/\/www.dandeliongroup.hu\/en\/wp-json\/wp\/v2\/pages\/6931\/revisions"}],"wp:attachment":[{"href":"https:\/\/www.dandeliongroup.hu\/en\/wp-json\/wp\/v2\/media?parent=6931"}],"wp:term":[{"taxonomy":"author","embeddable":true,"href":"https:\/\/www.dandeliongroup.hu\/en\/wp-json\/wp\/v2\/ppma_author?post=6931"}],"curies":[{"name":"wp","href":"https:\/\/api.w.org\/{rel}","templated":true}]}}