{"id":6929,"date":"2023-08-22T15:13:24","date_gmt":"2023-08-22T13:13:24","guid":{"rendered":"https:\/\/www.dandeliongroup.hu\/iso-45001\/"},"modified":"2023-08-22T15:13:24","modified_gmt":"2023-08-22T13:13:24","slug":"iso-45001","status":"publish","type":"page","link":"https:\/\/www.dandeliongroup.hu\/en\/iso-45001\/","title":{"rendered":"ISO 45001:2018 ki\u00e9p\u00edt\u00e9s"},"content":{"rendered":"\n<p><strong>Munkahelyi eg\u00e9szs\u00e9gv\u00e9delmi \u00e9s biztons\u00e1gi ir\u00e1ny\u00edt\u00e1si rendszerek (MEBIR)<br>(ISO 45001:2018)<\/strong><br>&nbsp;<\/p>\n\n\n\n<p>A DANDELION Kft. az ISO 45001:2018 szabv\u00e1ny szerinti munkahelyi eg\u00e9szs\u00e9gv\u00e9delem \u00e9s biztons\u00e1g ir\u00e1ny\u00edt\u00e1si rendszerek (MEBIR) kialak\u00edt\u00e1s\u00e1ban is Partnerei rendelkez\u00e9s\u00e9re \u00e1ll.<\/p>\n\n\n\n<p>Az al\u00e1bbi szolg\u00e1ltat\u00e1sokat k\u00edn\u00e1ljuk:<\/p>\n\n\n\n<ul class=\"wp-block-list\">\n<li>ISO 45001:2018 szabv\u00e1ny szerinti \u00faj munkahelyi eg\u00e9szs\u00e9gv\u00e9delem \u00e9s biztons\u00e1g ir\u00e1ny\u00edt\u00e1si rendszer (MEBIR) ki\u00e9p\u00edt\u00e9se \u00e9s bevezet\u00e9se<\/li>\n\n\n\n<li>ISO 45001:2018 bels\u0151 auditorok k\u00e9pz\u00e9se<\/li>\n\n\n\n<li>Szakmai t\u00e1mogat\u00e1s a Stage 1 \u00e9s Stage 2 auditokon<\/li>\n<\/ul>\n\n\n\n<p>Az ISO 45001:2018 szabv\u00e1ny szerinti MEBIR rendszer kialak\u00edt\u00e1sa mag\u00e1ban foglalja a szervezet folyamatainak felt\u00e9rk\u00e9pez\u00e9s\u00e9t, projekt elej\u00e9n kit\u0171z\u00f6tt megval\u00f3s\u00edt\u00e1si terv kivitelez\u00e9s\u00e9t, a folyamatok- \u00e9s dokumentumok struktur\u00e1lt \u00e1talak\u00edt\u00e1s\u00e1t, illetve ig\u00e9ny szerint a tan\u00fas\u00edt\u00f3 auditon t\u00f6rt\u00e9n\u0151 r\u00e9szv\u00e9telt is.<\/p>\n\n\n\n<p><strong>A MEBIR alkalmaz\u00e1sa k\u00e9pess\u00e9 teszi a szervezeteket biztons\u00e1gos \u00e9s eg\u00e9szs\u00e9ges munkahelyek biztos\u00edt\u00e1s\u00e1ra, a munk\u00e1val kapcsolatos s\u00e9r\u00fcl\u00e9s \u00e9s eg\u00e9szs\u00e9gk\u00e1rosod\u00e1s megel\u0151z\u00e9s\u00e9re, valamint a munkahelyi eg\u00e9szs\u00e9gv\u00e9delem \u00e9s biztons\u00e1g teljes\u00edtm\u00e9ny\u00e9nek folyamatos jav\u00edt\u00e1s\u00e1ra.<\/strong><\/p>\n","protected":false},"excerpt":{"rendered":"<p>Munkahelyi eg\u00e9szs\u00e9gv\u00e9delmi \u00e9s biztons\u00e1gi ir\u00e1ny\u00edt\u00e1si rendszerek (MEBIR)(ISO 45001:2018)&nbsp; A DANDELION Kft. az ISO 45001:2018 szabv\u00e1ny szerinti munkahelyi eg\u00e9szs\u00e9gv\u00e9delem \u00e9s biztons\u00e1g ir\u00e1ny\u00edt\u00e1si rendszerek (MEBIR) kialak\u00edt\u00e1s\u00e1ban is Partnerei rendelkez\u00e9s\u00e9re \u00e1ll. Az al\u00e1bbi szolg\u00e1ltat\u00e1sokat k\u00edn\u00e1ljuk: Az ISO 45001:2018 szabv\u00e1ny szerinti MEBIR rendszer kialak\u00edt\u00e1sa mag\u00e1ban foglalja a szervezet folyamatainak felt\u00e9rk\u00e9pez\u00e9s\u00e9t, projekt elej\u00e9n kit\u0171z\u00f6tt megval\u00f3s\u00edt\u00e1si terv kivitelez\u00e9s\u00e9t, a folyamatok- \u00e9s<\/p>\n","protected":false},"author":1,"featured_media":0,"parent":0,"menu_order":0,"comment_status":"closed","ping_status":"closed","template":"","meta":{"_monsterinsights_skip_tracking":false,"_monsterinsights_sitenote_active":false,"_monsterinsights_sitenote_note":"","_monsterinsights_sitenote_category":0,"footnotes":""},"ppma_author":[73],"class_list":["post-6929","page","type-page","status-publish","hentry","author-arrows"],"acf":[],"_links":{"self":[{"href":"https:\/\/www.dandeliongroup.hu\/en\/wp-json\/wp\/v2\/pages\/6929","targetHints":{"allow":["GET"]}}],"collection":[{"href":"https:\/\/www.dandeliongroup.hu\/en\/wp-json\/wp\/v2\/pages"}],"about":[{"href":"https:\/\/www.dandeliongroup.hu\/en\/wp-json\/wp\/v2\/types\/page"}],"author":[{"embeddable":true,"href":"https:\/\/www.dandeliongroup.hu\/en\/wp-json\/wp\/v2\/users\/1"}],"replies":[{"embeddable":true,"href":"https:\/\/www.dandeliongroup.hu\/en\/wp-json\/wp\/v2\/comments?post=6929"}],"version-history":[{"count":0,"href":"https:\/\/www.dandeliongroup.hu\/en\/wp-json\/wp\/v2\/pages\/6929\/revisions"}],"wp:attachment":[{"href":"https:\/\/www.dandeliongroup.hu\/en\/wp-json\/wp\/v2\/media?parent=6929"}],"wp:term":[{"taxonomy":"author","embeddable":true,"href":"https:\/\/www.dandeliongroup.hu\/en\/wp-json\/wp\/v2\/ppma_author?post=6929"}],"curies":[{"name":"wp","href":"https:\/\/api.w.org\/{rel}","templated":true}]}}